{"id":103,"date":"2022-04-27T12:04:49","date_gmt":"2022-04-27T10:04:49","guid":{"rendered":"http:\/\/spd.d3v\/?page_id=103"},"modified":"2024-01-12T16:47:35","modified_gmt":"2024-01-12T15:47:35","slug":"unterstuetzer","status":"publish","type":"page","link":"https:\/\/spdcc.site\/60plus-bb\/unterstuetzer\/","title":{"rendered":"Unterst\u00fctzende"},"content":{"rendered":"\n<div class=\"wp-block-columns is-layout-flex wp-container-core-columns-is-layout-9d6595d7 wp-block-columns-is-layout-flex\">\n<div class=\"wp-block-column is-layout-flow wp-block-column-is-layout-flow\">\n<figure class=\"wp-block-image size-full\"><img loading=\"lazy\" decoding=\"async\" width=\"1664\" height=\"400\" src=\"https:\/\/spdcc.site\/60plus-bb\/wp-content\/uploads\/sites\/22\/2022\/05\/D_1664x400_1.jpg\" alt=\"\" class=\"wp-image-611\" srcset=\"https:\/\/spdcc.site\/60plus-bb\/wp-content\/uploads\/sites\/22\/2022\/05\/D_1664x400_1.jpg 1664w, https:\/\/spdcc.site\/60plus-bb\/wp-content\/uploads\/sites\/22\/2022\/05\/D_1664x400_1-300x72.jpg 300w, https:\/\/spdcc.site\/60plus-bb\/wp-content\/uploads\/sites\/22\/2022\/05\/D_1664x400_1-1024x246.jpg 1024w, https:\/\/spdcc.site\/60plus-bb\/wp-content\/uploads\/sites\/22\/2022\/05\/D_1664x400_1-768x185.jpg 768w, https:\/\/spdcc.site\/60plus-bb\/wp-content\/uploads\/sites\/22\/2022\/05\/D_1664x400_1-1536x369.jpg 1536w\" sizes=\"auto, (max-width: 1664px) 100vw, 1664px\" \/><\/figure>\n<\/div>\n<\/div>\n\n\n<p>Wir machen das gemeinsam! Als neue B\u00fcrgermeisterin von Musterstadt werde ich im Team arbeiten: Im Team mit der Stadtverwaltung, mit dem Landkreis aber vor allem in einem Team mit den B\u00fcrgerinnen und B\u00fcrgern von Musterstadt. Ich freue mich, dass auch ich Unterst\u00fctzung bekomme, aus unserer Stadt, unserer Region und dem ganzen Land.<\/p>","protected":false},"excerpt":{"rendered":"<p>Wir machen das gemeinsam! Als neue B\u00fcrgermeisterin von Musterstadt werde ich im Team arbeiten: Im Team mit der Stadtverwaltung, mit&#8230;<\/p>\n","protected":false},"author":1,"featured_media":0,"parent":0,"menu_order":0,"comment_status":"closed","ping_status":"closed","template":"template-unterstutzer.php","meta":{"_acf_changed":false,"footnotes":""},"class_list":["post-103","page","type-page","status-publish","hentry"],"acf":[],"yoast_head":"<!-- This site is optimized with the Yoast SEO plugin v27.5 - https:\/\/yoast.com\/product\/yoast-seo-wordpress\/ -->\n<title>Unterst\u00fctzende - 168_SPD AG 60plus Brandenburg<\/title>\n<meta name=\"robots\" content=\"index, follow, max-snippet:-1, max-image-preview:large, max-video-preview:-1\" \/>\n<link rel=\"canonical\" href=\"https:\/\/spdcc.site\/60plus-bb\/unterstuetzer\/\" \/>\n<meta property=\"og:locale\" content=\"de_DE\" \/>\n<meta property=\"og:type\" content=\"article\" \/>\n<meta property=\"og:title\" content=\"Unterst\u00fctzende - 168_SPD AG 60plus Brandenburg\" \/>\n<meta property=\"og:description\" content=\"Wir machen das gemeinsam! Als neue B\u00fcrgermeisterin von Musterstadt werde ich im Team arbeiten: Im Team mit der Stadtverwaltung, mit...\" \/>\n<meta property=\"og:url\" content=\"https:\/\/spdcc.site\/60plus-bb\/unterstuetzer\/\" \/>\n<meta property=\"og:site_name\" content=\"168_SPD AG 60plus Brandenburg\" \/>\n<meta property=\"article:modified_time\" content=\"2024-01-12T15:47:35+00:00\" \/>\n<meta property=\"og:image\" content=\"https:\/\/spdcc.site\/60plus-bb\/wp-content\/uploads\/sites\/22\/2022\/05\/D_1664x400_1.jpg\" \/>\n<meta name=\"twitter:card\" content=\"summary_large_image\" \/>\n<meta name=\"twitter:label1\" content=\"Gesch\u00e4tzte Lesezeit\" \/>\n\t<meta name=\"twitter:data1\" content=\"1\u00a0Minute\" \/>\n<script type=\"application\/ld+json\" class=\"yoast-schema-graph\">{\"@context\":\"https:\\\/\\\/schema.org\",\"@graph\":[{\"@type\":\"WebPage\",\"@id\":\"https:\\\/\\\/spdcc.site\\\/60plus-bb\\\/unterstuetzer\\\/\",\"url\":\"https:\\\/\\\/spdcc.site\\\/60plus-bb\\\/unterstuetzer\\\/\",\"name\":\"Unterst\u00fctzende - 168_SPD AG 60plus Brandenburg\",\"isPartOf\":{\"@id\":\"https:\\\/\\\/spdcc.site\\\/60plus-bb\\\/#website\"},\"primaryImageOfPage\":{\"@id\":\"https:\\\/\\\/spdcc.site\\\/60plus-bb\\\/unterstuetzer\\\/#primaryimage\"},\"image\":{\"@id\":\"https:\\\/\\\/spdcc.site\\\/60plus-bb\\\/unterstuetzer\\\/#primaryimage\"},\"thumbnailUrl\":\"https:\\\/\\\/spdcc.site\\\/60plus-bb\\\/wp-content\\\/uploads\\\/sites\\\/22\\\/2022\\\/05\\\/D_1664x400_1.jpg\",\"datePublished\":\"2022-04-27T10:04:49+00:00\",\"dateModified\":\"2024-01-12T15:47:35+00:00\",\"breadcrumb\":{\"@id\":\"https:\\\/\\\/spdcc.site\\\/60plus-bb\\\/unterstuetzer\\\/#breadcrumb\"},\"inLanguage\":\"de\",\"potentialAction\":[{\"@type\":\"ReadAction\",\"target\":[\"https:\\\/\\\/spdcc.site\\\/60plus-bb\\\/unterstuetzer\\\/\"]}]},{\"@type\":\"ImageObject\",\"inLanguage\":\"de\",\"@id\":\"https:\\\/\\\/spdcc.site\\\/60plus-bb\\\/unterstuetzer\\\/#primaryimage\",\"url\":\"https:\\\/\\\/spdcc.site\\\/60plus-bb\\\/wp-content\\\/uploads\\\/sites\\\/22\\\/2022\\\/05\\\/D_1664x400_1.jpg\",\"contentUrl\":\"https:\\\/\\\/spdcc.site\\\/60plus-bb\\\/wp-content\\\/uploads\\\/sites\\\/22\\\/2022\\\/05\\\/D_1664x400_1.jpg\",\"width\":1664,\"height\":400},{\"@type\":\"BreadcrumbList\",\"@id\":\"https:\\\/\\\/spdcc.site\\\/60plus-bb\\\/unterstuetzer\\\/#breadcrumb\",\"itemListElement\":[{\"@type\":\"ListItem\",\"position\":1,\"name\":\"Home\",\"item\":\"https:\\\/\\\/spdcc.site\\\/60plus-bb\\\/\"},{\"@type\":\"ListItem\",\"position\":2,\"name\":\"Unterst\u00fctzende\"}]},{\"@type\":\"WebSite\",\"@id\":\"https:\\\/\\\/spdcc.site\\\/60plus-bb\\\/#website\",\"url\":\"https:\\\/\\\/spdcc.site\\\/60plus-bb\\\/\",\"name\":\"168_SPD AG 60plus Brandenburg\",\"description\":\"Sozialdemokratische Partei Deutschlands\",\"potentialAction\":[{\"@type\":\"SearchAction\",\"target\":{\"@type\":\"EntryPoint\",\"urlTemplate\":\"https:\\\/\\\/spdcc.site\\\/60plus-bb\\\/?s={search_term_string}\"},\"query-input\":{\"@type\":\"PropertyValueSpecification\",\"valueRequired\":true,\"valueName\":\"search_term_string\"}}],\"inLanguage\":\"de\"}]}<\/script>\n<!-- \/ Yoast SEO plugin. -->","yoast_head_json":{"title":"Unterst\u00fctzende - 168_SPD AG 60plus Brandenburg","robots":{"index":"index","follow":"follow","max-snippet":"max-snippet:-1","max-image-preview":"max-image-preview:large","max-video-preview":"max-video-preview:-1"},"canonical":"https:\/\/spdcc.site\/60plus-bb\/unterstuetzer\/","og_locale":"de_DE","og_type":"article","og_title":"Unterst\u00fctzende - 168_SPD AG 60plus Brandenburg","og_description":"Wir machen das gemeinsam! Als neue B\u00fcrgermeisterin von Musterstadt werde ich im Team arbeiten: Im Team mit der Stadtverwaltung, mit...","og_url":"https:\/\/spdcc.site\/60plus-bb\/unterstuetzer\/","og_site_name":"168_SPD AG 60plus Brandenburg","article_modified_time":"2024-01-12T15:47:35+00:00","og_image":[{"url":"https:\/\/spdcc.site\/60plus-bb\/wp-content\/uploads\/sites\/22\/2022\/05\/D_1664x400_1.jpg","type":"","width":"","height":""}],"twitter_card":"summary_large_image","twitter_misc":{"Gesch\u00e4tzte Lesezeit":"1\u00a0Minute"},"schema":{"@context":"https:\/\/schema.org","@graph":[{"@type":"WebPage","@id":"https:\/\/spdcc.site\/60plus-bb\/unterstuetzer\/","url":"https:\/\/spdcc.site\/60plus-bb\/unterstuetzer\/","name":"Unterst\u00fctzende - 168_SPD AG 60plus Brandenburg","isPartOf":{"@id":"https:\/\/spdcc.site\/60plus-bb\/#website"},"primaryImageOfPage":{"@id":"https:\/\/spdcc.site\/60plus-bb\/unterstuetzer\/#primaryimage"},"image":{"@id":"https:\/\/spdcc.site\/60plus-bb\/unterstuetzer\/#primaryimage"},"thumbnailUrl":"https:\/\/spdcc.site\/60plus-bb\/wp-content\/uploads\/sites\/22\/2022\/05\/D_1664x400_1.jpg","datePublished":"2022-04-27T10:04:49+00:00","dateModified":"2024-01-12T15:47:35+00:00","breadcrumb":{"@id":"https:\/\/spdcc.site\/60plus-bb\/unterstuetzer\/#breadcrumb"},"inLanguage":"de","potentialAction":[{"@type":"ReadAction","target":["https:\/\/spdcc.site\/60plus-bb\/unterstuetzer\/"]}]},{"@type":"ImageObject","inLanguage":"de","@id":"https:\/\/spdcc.site\/60plus-bb\/unterstuetzer\/#primaryimage","url":"https:\/\/spdcc.site\/60plus-bb\/wp-content\/uploads\/sites\/22\/2022\/05\/D_1664x400_1.jpg","contentUrl":"https:\/\/spdcc.site\/60plus-bb\/wp-content\/uploads\/sites\/22\/2022\/05\/D_1664x400_1.jpg","width":1664,"height":400},{"@type":"BreadcrumbList","@id":"https:\/\/spdcc.site\/60plus-bb\/unterstuetzer\/#breadcrumb","itemListElement":[{"@type":"ListItem","position":1,"name":"Home","item":"https:\/\/spdcc.site\/60plus-bb\/"},{"@type":"ListItem","position":2,"name":"Unterst\u00fctzende"}]},{"@type":"WebSite","@id":"https:\/\/spdcc.site\/60plus-bb\/#website","url":"https:\/\/spdcc.site\/60plus-bb\/","name":"168_SPD AG 60plus Brandenburg","description":"Sozialdemokratische Partei Deutschlands","potentialAction":[{"@type":"SearchAction","target":{"@type":"EntryPoint","urlTemplate":"https:\/\/spdcc.site\/60plus-bb\/?s={search_term_string}"},"query-input":{"@type":"PropertyValueSpecification","valueRequired":true,"valueName":"search_term_string"}}],"inLanguage":"de"}]}},"_links":{"self":[{"href":"https:\/\/spdcc.site\/60plus-bb\/wp-json\/wp\/v2\/pages\/103","targetHints":{"allow":["GET"]}}],"collection":[{"href":"https:\/\/spdcc.site\/60plus-bb\/wp-json\/wp\/v2\/pages"}],"about":[{"href":"https:\/\/spdcc.site\/60plus-bb\/wp-json\/wp\/v2\/types\/page"}],"author":[{"embeddable":true,"href":"https:\/\/spdcc.site\/60plus-bb\/wp-json\/wp\/v2\/users\/1"}],"replies":[{"embeddable":true,"href":"https:\/\/spdcc.site\/60plus-bb\/wp-json\/wp\/v2\/comments?post=103"}],"version-history":[{"count":51,"href":"https:\/\/spdcc.site\/60plus-bb\/wp-json\/wp\/v2\/pages\/103\/revisions"}],"predecessor-version":[{"id":1918,"href":"https:\/\/spdcc.site\/60plus-bb\/wp-json\/wp\/v2\/pages\/103\/revisions\/1918"}],"wp:attachment":[{"href":"https:\/\/spdcc.site\/60plus-bb\/wp-json\/wp\/v2\/media?parent=103"}],"curies":[{"name":"wp","href":"https:\/\/api.w.org\/{rel}","templated":true}]}}