{"id":79,"date":"2022-04-27T10:17:10","date_gmt":"2022-04-27T08:17:10","guid":{"rendered":"http:\/\/spd.d3v\/?page_id=79"},"modified":"2026-04-26T00:06:39","modified_gmt":"2026-04-25T22:06:39","slug":"footer","status":"publish","type":"page","link":"https:\/\/spdcc.site\/spd-wernigerode\/footer\/","title":{"rendered":"Footer"},"content":{"rendered":"\n<div class=\"wp-block-columns is-layout-flex wp-container-core-columns-is-layout-9d6595d7 wp-block-columns-is-layout-flex\">\n<div class=\"wp-block-column is-layout-flow wp-block-column-is-layout-flow\">\n<p><a href=\"https:\/\/www.instagram.com\/spd.wernigerode\/\" target=\"_blank\" rel=\"noopener\"><img loading=\"lazy\" decoding=\"async\" class=\"alignnone wp-image-485\" src=\"https:\/\/spdcc.site\/spd-wernigerode\/wp-content\/uploads\/sites\/32\/2022\/05\/Instagram_rot.png\" alt=\"\" width=\"45\" height=\"45\" \/><\/a> <a href=\"https:\/\/www.facebook.com\/SPD.Wernigerode\/\" target=\"_blank\" rel=\"noopener\"><img loading=\"lazy\" decoding=\"async\" class=\"alignnone wp-image-483\" src=\"https:\/\/spdcc.site\/spd-wernigerode\/wp-content\/uploads\/sites\/32\/2022\/05\/FB_rot.png\" alt=\"\" width=\"45\" height=\"45\" \/><\/a><\/p>\n<\/div>\n<\/div>\n\n\n\n<div class=\"wp-block-columns is-layout-flex wp-container-core-columns-is-layout-9d6595d7 wp-block-columns-is-layout-flex\">\n<div class=\"wp-block-column is-layout-flow wp-block-column-is-layout-flow\" style=\"flex-basis:75%\">\n<p>SPD-Ortsverein Wernigerode<br \/>Im langen Schlage 34, 38855 Wernigerode<br \/>info@spd-wernigerode.de<\/p>\n<p>Wir stehen f\u00fcr ein Wernigerode, das zusammenh\u00e4lt: mit bezahlbarem Wohnraum, gut ausgestatteten Schulen und einer modernen, digitalen Verwaltung, die nah an den B\u00fcrgerinnen und B\u00fcrgern ist. Eine starke wirtschaftliche Entwicklung, gezielte Investitionen in unsere Infrastruktur und schnelle Verbindungen innerhalb unserer Stadt sind zentrale Ziele unserer politischen Arbeit.<\/p>\n<h1><span style=\"color: #e30a17\">F\u00dcREINANDER.<\/span><\/h1>\n<h1><span style=\"color: #e30a17\">MITEINANDER.<\/span><\/h1>\n<h1><span style=\"color: #000000\">WERNIGERODE.<\/span><\/h1>\n<\/div>\n\n\n\n<div class=\"wp-block-column has-spd-red-color has-text-color is-layout-flow wp-block-column-is-layout-flow\" style=\"flex-basis:25%\"><nav style=\"font-style:normal;font-weight:700;\" class=\"has-text-color has-spd-red-color has-background has-white-background-color has-medium-font-size items-justified-right is-vertical footer-menu wp-block-navigation is-content-justification-right is-layout-flex wp-container-core-navigation-is-layout-07decfea wp-block-navigation-is-layout-flex\" aria-label=\"Navigation\"><ul style=\"font-style:normal;font-weight:700;\" class=\"wp-block-navigation__container has-text-color has-spd-red-color has-background has-white-background-color has-medium-font-size items-justified-right is-vertical footer-menu wp-block-navigation has-medium-font-size\"><li class=\"has-medium-font-size wp-block-navigation-item wp-block-navigation-link\"><a class=\"wp-block-navigation-item__content\"  href=\"https:\/\/mitgliedwerden.spd.de\/eintritt\" target=\"_blank\"  ><span class=\"wp-block-navigation-item__label\">Mitglied werden<\/span><\/a><\/li><li class=\"has-medium-font-size wp-block-navigation-item wp-block-navigation-link\"><a class=\"wp-block-navigation-item__content\"  href=\"https:\/\/www.spd.de\/newsletter\/\" target=\"_blank\"  ><span class=\"wp-block-navigation-item__label\">SPD-Newsletter<\/span><\/a><\/li><li class=\"has-medium-font-size wp-block-navigation-item wp-block-navigation-link\"><a class=\"wp-block-navigation-item__content\"  href=\"https:\/\/spdcc.site\/spd-wernigerode\/aktuelles\/\"><span class=\"wp-block-navigation-item__label\">Aktuelles<\/span><\/a><\/li><\/ul><\/nav><\/div>\n<\/div>\n\n\n\n<p><strong>Unsere SPD-Gliederungen:<\/strong><\/p>\n\n\n\n<ul class=\"wp-block-list\">\n<li><a href=\"https:\/\/spdsachsenanhalt.de\/\" id=\"https:\/\/spdsachsenanhalt.de\/\" target=\"_blank\" rel=\"noreferrer noopener\">SPD-Landesverband Sachsen-Anhalt<\/a><\/li>\n\n\n\n<li><a href=\"https:\/\/spdharz.de\/\" target=\"_blank\" rel=\"noreferrer noopener\">SPD-Kreisverband Harz<\/a><\/li>\n\n\n\n<li><a href=\"https:\/\/jusos-harz.de\/\" target=\"_blank\" rel=\"noreferrer noopener\">Jusos Harz<\/a><\/li>\n<\/ul>\n\n\n\n<p><strong>Weitere SPD-Ortsvereine im Harz<\/strong>:<\/p>\n\n\n\n<ul class=\"wp-block-list\">\n<li><a href=\"https:\/\/spd-oberharz.de\/\" target=\"_blank\" rel=\"noreferrer noopener\">SPD-Ortsverein Oberharz am Brocken<\/a><\/li>\n\n\n\n<li><a href=\"https:\/\/spd-huy.de\/\" target=\"_blank\" rel=\"noreferrer noopener\">SPD-Ortsverein Huy<\/a><\/li>\n\n\n\n<li><a href=\"https:\/\/spd-ilsenburg.de\/\" target=\"_blank\" rel=\"noreferrer noopener\">SPD-Ortsverein Ilsenburg<\/a><\/li>\n\n\n\n<li><a href=\"https:\/\/spdblankenburg.de\/\" target=\"_blank\" rel=\"noreferrer noopener\">SPD-Ortsverein Blankenburg<\/a><\/li>\n\n\n\n<li><a href=\"https:\/\/spd-quedlinburg.de\/\" target=\"_blank\" rel=\"noreferrer noopener\">SPD-Ortsverein Quedlinburg<\/a><\/li>\n\n\n\n<li><a href=\"https:\/\/spd-halberstadt.de\/\" target=\"_blank\" rel=\"noreferrer noopener\">SPD-Ortsverein Halberstadt<\/a><\/li>\n\n\n\n<li><a href=\"https:\/\/spd-thale.de\/\" target=\"_blank\" rel=\"noreferrer noopener\">SPD-Ortsverein Thale<\/a><\/li>\n\n\n\n<li><a href=\"https:\/\/spd-ballenstedt-falkenstein.de\/\" target=\"_blank\" rel=\"noreferrer noopener\">SPD-Ortsverein Ballenstedt-Falkenstein<\/a><\/li>\n<\/ul>\n\n\n\n<p><\/p>\n","protected":false},"excerpt":{"rendered":"<p>SPD-Ortsverein WernigerodeIm langen Schlage 34, 38855 Wernigerodeinfo@spd-wernigerode.de Wir stehen f\u00fcr ein Wernigerode, das zusammenh\u00e4lt: mit bezahlbarem Wohnraum, gut ausgestatteten Schulen&#8230;<\/p>\n","protected":false},"author":1,"featured_media":0,"parent":0,"menu_order":0,"comment_status":"closed","ping_status":"closed","template":"template-footer.php","meta":{"_acf_changed":false,"footnotes":""},"class_list":["post-79","page","type-page","status-publish","hentry"],"acf":[],"yoast_head":"<!-- This site is optimized with the Yoast SEO plugin v27.5 - https:\/\/yoast.com\/product\/yoast-seo-wordpress\/ -->\n<title>Footer - SPD Wernigerode<\/title>\n<meta name=\"robots\" content=\"index, follow, max-snippet:-1, max-image-preview:large, max-video-preview:-1\" \/>\n<link rel=\"canonical\" href=\"https:\/\/spdcc.site\/spd-wernigerode\/footer\/\" \/>\n<meta property=\"og:locale\" content=\"de_DE\" \/>\n<meta property=\"og:type\" content=\"article\" \/>\n<meta property=\"og:title\" content=\"Footer - SPD Wernigerode\" \/>\n<meta property=\"og:description\" content=\"SPD-Ortsverein WernigerodeIm langen Schlage 34, 38855 Wernigerodeinfo@spd-wernigerode.de Wir stehen f\u00fcr ein Wernigerode, das zusammenh\u00e4lt: mit bezahlbarem Wohnraum, gut ausgestatteten Schulen...\" \/>\n<meta property=\"og:url\" content=\"https:\/\/spdcc.site\/spd-wernigerode\/footer\/\" \/>\n<meta property=\"og:site_name\" content=\"SPD Wernigerode\" \/>\n<meta property=\"article:modified_time\" content=\"2026-04-25T22:06:39+00:00\" \/>\n<meta property=\"og:image\" content=\"https:\/\/spdcc.site\/spd-wernigerode\/wp-content\/uploads\/sites\/32\/2022\/05\/Instagram_rot.png\" \/>\n\t<meta property=\"og:image:width\" content=\"110\" \/>\n\t<meta property=\"og:image:height\" content=\"110\" \/>\n\t<meta property=\"og:image:type\" content=\"image\/png\" \/>\n<meta name=\"twitter:card\" content=\"summary_large_image\" \/>\n<meta name=\"twitter:label1\" content=\"Gesch\u00e4tzte Lesezeit\" \/>\n\t<meta name=\"twitter:data1\" content=\"1\u00a0Minute\" \/>\n<script type=\"application\/ld+json\" class=\"yoast-schema-graph\">{\"@context\":\"https:\\\/\\\/schema.org\",\"@graph\":[{\"@type\":\"WebPage\",\"@id\":\"https:\\\/\\\/spdcc.site\\\/spd-wernigerode\\\/footer\\\/\",\"url\":\"https:\\\/\\\/spdcc.site\\\/spd-wernigerode\\\/footer\\\/\",\"name\":\"Footer - SPD Wernigerode\",\"isPartOf\":{\"@id\":\"https:\\\/\\\/spdcc.site\\\/spd-wernigerode\\\/#website\"},\"primaryImageOfPage\":{\"@id\":\"https:\\\/\\\/spdcc.site\\\/spd-wernigerode\\\/footer\\\/#primaryimage\"},\"image\":{\"@id\":\"https:\\\/\\\/spdcc.site\\\/spd-wernigerode\\\/footer\\\/#primaryimage\"},\"thumbnailUrl\":\"https:\\\/\\\/spdcc.site\\\/spd-wernigerode\\\/wp-content\\\/uploads\\\/sites\\\/32\\\/2022\\\/05\\\/Instagram_rot.png\",\"datePublished\":\"2022-04-27T08:17:10+00:00\",\"dateModified\":\"2026-04-25T22:06:39+00:00\",\"breadcrumb\":{\"@id\":\"https:\\\/\\\/spdcc.site\\\/spd-wernigerode\\\/footer\\\/#breadcrumb\"},\"inLanguage\":\"de\",\"potentialAction\":[{\"@type\":\"ReadAction\",\"target\":[\"https:\\\/\\\/spdcc.site\\\/spd-wernigerode\\\/footer\\\/\"]}]},{\"@type\":\"ImageObject\",\"inLanguage\":\"de\",\"@id\":\"https:\\\/\\\/spdcc.site\\\/spd-wernigerode\\\/footer\\\/#primaryimage\",\"url\":\"https:\\\/\\\/spdcc.site\\\/spd-wernigerode\\\/wp-content\\\/uploads\\\/sites\\\/32\\\/2022\\\/05\\\/Instagram_rot.png\",\"contentUrl\":\"https:\\\/\\\/spdcc.site\\\/spd-wernigerode\\\/wp-content\\\/uploads\\\/sites\\\/32\\\/2022\\\/05\\\/Instagram_rot.png\",\"width\":110,\"height\":110},{\"@type\":\"BreadcrumbList\",\"@id\":\"https:\\\/\\\/spdcc.site\\\/spd-wernigerode\\\/footer\\\/#breadcrumb\",\"itemListElement\":[{\"@type\":\"ListItem\",\"position\":1,\"name\":\"Home\",\"item\":\"https:\\\/\\\/spdcc.site\\\/spd-wernigerode\\\/\"},{\"@type\":\"ListItem\",\"position\":2,\"name\":\"Footer\"}]},{\"@type\":\"WebSite\",\"@id\":\"https:\\\/\\\/spdcc.site\\\/spd-wernigerode\\\/#website\",\"url\":\"https:\\\/\\\/spdcc.site\\\/spd-wernigerode\\\/\",\"name\":\"SPD Wernigerode\",\"description\":\"Sozialdemokratische Partei Deutschlands\",\"potentialAction\":[{\"@type\":\"SearchAction\",\"target\":{\"@type\":\"EntryPoint\",\"urlTemplate\":\"https:\\\/\\\/spdcc.site\\\/spd-wernigerode\\\/?s={search_term_string}\"},\"query-input\":{\"@type\":\"PropertyValueSpecification\",\"valueRequired\":true,\"valueName\":\"search_term_string\"}}],\"inLanguage\":\"de\"}]}<\/script>\n<!-- \/ Yoast SEO plugin. -->","yoast_head_json":{"title":"Footer - SPD Wernigerode","robots":{"index":"index","follow":"follow","max-snippet":"max-snippet:-1","max-image-preview":"max-image-preview:large","max-video-preview":"max-video-preview:-1"},"canonical":"https:\/\/spdcc.site\/spd-wernigerode\/footer\/","og_locale":"de_DE","og_type":"article","og_title":"Footer - SPD Wernigerode","og_description":"SPD-Ortsverein WernigerodeIm langen Schlage 34, 38855 Wernigerodeinfo@spd-wernigerode.de Wir stehen f\u00fcr ein Wernigerode, das zusammenh\u00e4lt: mit bezahlbarem Wohnraum, gut ausgestatteten Schulen...","og_url":"https:\/\/spdcc.site\/spd-wernigerode\/footer\/","og_site_name":"SPD Wernigerode","article_modified_time":"2026-04-25T22:06:39+00:00","og_image":[{"width":110,"height":110,"url":"https:\/\/spdcc.site\/spd-wernigerode\/wp-content\/uploads\/sites\/32\/2022\/05\/Instagram_rot.png","type":"image\/png"}],"twitter_card":"summary_large_image","twitter_misc":{"Gesch\u00e4tzte Lesezeit":"1\u00a0Minute"},"schema":{"@context":"https:\/\/schema.org","@graph":[{"@type":"WebPage","@id":"https:\/\/spdcc.site\/spd-wernigerode\/footer\/","url":"https:\/\/spdcc.site\/spd-wernigerode\/footer\/","name":"Footer - SPD Wernigerode","isPartOf":{"@id":"https:\/\/spdcc.site\/spd-wernigerode\/#website"},"primaryImageOfPage":{"@id":"https:\/\/spdcc.site\/spd-wernigerode\/footer\/#primaryimage"},"image":{"@id":"https:\/\/spdcc.site\/spd-wernigerode\/footer\/#primaryimage"},"thumbnailUrl":"https:\/\/spdcc.site\/spd-wernigerode\/wp-content\/uploads\/sites\/32\/2022\/05\/Instagram_rot.png","datePublished":"2022-04-27T08:17:10+00:00","dateModified":"2026-04-25T22:06:39+00:00","breadcrumb":{"@id":"https:\/\/spdcc.site\/spd-wernigerode\/footer\/#breadcrumb"},"inLanguage":"de","potentialAction":[{"@type":"ReadAction","target":["https:\/\/spdcc.site\/spd-wernigerode\/footer\/"]}]},{"@type":"ImageObject","inLanguage":"de","@id":"https:\/\/spdcc.site\/spd-wernigerode\/footer\/#primaryimage","url":"https:\/\/spdcc.site\/spd-wernigerode\/wp-content\/uploads\/sites\/32\/2022\/05\/Instagram_rot.png","contentUrl":"https:\/\/spdcc.site\/spd-wernigerode\/wp-content\/uploads\/sites\/32\/2022\/05\/Instagram_rot.png","width":110,"height":110},{"@type":"BreadcrumbList","@id":"https:\/\/spdcc.site\/spd-wernigerode\/footer\/#breadcrumb","itemListElement":[{"@type":"ListItem","position":1,"name":"Home","item":"https:\/\/spdcc.site\/spd-wernigerode\/"},{"@type":"ListItem","position":2,"name":"Footer"}]},{"@type":"WebSite","@id":"https:\/\/spdcc.site\/spd-wernigerode\/#website","url":"https:\/\/spdcc.site\/spd-wernigerode\/","name":"SPD Wernigerode","description":"Sozialdemokratische Partei Deutschlands","potentialAction":[{"@type":"SearchAction","target":{"@type":"EntryPoint","urlTemplate":"https:\/\/spdcc.site\/spd-wernigerode\/?s={search_term_string}"},"query-input":{"@type":"PropertyValueSpecification","valueRequired":true,"valueName":"search_term_string"}}],"inLanguage":"de"}]}},"_links":{"self":[{"href":"https:\/\/spdcc.site\/spd-wernigerode\/wp-json\/wp\/v2\/pages\/79","targetHints":{"allow":["GET"]}}],"collection":[{"href":"https:\/\/spdcc.site\/spd-wernigerode\/wp-json\/wp\/v2\/pages"}],"about":[{"href":"https:\/\/spdcc.site\/spd-wernigerode\/wp-json\/wp\/v2\/types\/page"}],"author":[{"embeddable":true,"href":"https:\/\/spdcc.site\/spd-wernigerode\/wp-json\/wp\/v2\/users\/1"}],"replies":[{"embeddable":true,"href":"https:\/\/spdcc.site\/spd-wernigerode\/wp-json\/wp\/v2\/comments?post=79"}],"version-history":[{"count":4,"href":"https:\/\/spdcc.site\/spd-wernigerode\/wp-json\/wp\/v2\/pages\/79\/revisions"}],"predecessor-version":[{"id":2765,"href":"https:\/\/spdcc.site\/spd-wernigerode\/wp-json\/wp\/v2\/pages\/79\/revisions\/2765"}],"wp:attachment":[{"href":"https:\/\/spdcc.site\/spd-wernigerode\/wp-json\/wp\/v2\/media?parent=79"}],"curies":[{"name":"wp","href":"https:\/\/api.w.org\/{rel}","templated":true}]}}