{"id":101,"date":"2022-04-27T12:04:25","date_gmt":"2022-04-27T10:04:25","guid":{"rendered":"http:\/\/spd.d3v\/?page_id=101"},"modified":"2025-12-01T12:53:24","modified_gmt":"2025-12-01T11:53:24","slug":"meine-ziele","status":"publish","type":"page","link":"https:\/\/spdcc.site\/spd-zeuthen\/meine-ziele\/","title":{"rendered":"Meine Ziele"},"content":{"rendered":"\n<div class=\"wp-block-columns is-layout-flex wp-container-core-columns-is-layout-9d6595d7 wp-block-columns-is-layout-flex\">\n<div class=\"wp-block-column is-layout-flow wp-block-column-is-layout-flow\">\n<figure class=\"wp-block-image size-full\"><img loading=\"lazy\" decoding=\"async\" width=\"1664\" height=\"530\" src=\"https:\/\/spdcc.site\/spd-zeuthen\/wp-content\/uploads\/sites\/33\/2023\/06\/LVBB_D_Header_1664x530_ueber_uns.jpg\" alt=\"\" class=\"wp-image-1412\" srcset=\"https:\/\/spdcc.site\/spd-zeuthen\/wp-content\/uploads\/sites\/33\/2023\/06\/LVBB_D_Header_1664x530_ueber_uns.jpg 1664w, https:\/\/spdcc.site\/spd-zeuthen\/wp-content\/uploads\/sites\/33\/2023\/06\/LVBB_D_Header_1664x530_ueber_uns-300x96.jpg 300w, https:\/\/spdcc.site\/spd-zeuthen\/wp-content\/uploads\/sites\/33\/2023\/06\/LVBB_D_Header_1664x530_ueber_uns-1024x326.jpg 1024w, https:\/\/spdcc.site\/spd-zeuthen\/wp-content\/uploads\/sites\/33\/2023\/06\/LVBB_D_Header_1664x530_ueber_uns-768x245.jpg 768w, https:\/\/spdcc.site\/spd-zeuthen\/wp-content\/uploads\/sites\/33\/2023\/06\/LVBB_D_Header_1664x530_ueber_uns-1536x489.jpg 1536w\" sizes=\"auto, (max-width: 1664px) 100vw, 1664px\" \/><\/figure>\n<\/div>\n<\/div>\n\n\n<p><span style=\"color: #e30a17;\">Daf\u00fcr stehe ich<\/span><\/p>\n<p>Ich mache Politik f\u00fcr eine Gesellschaft des Respekts. Eine Gesellschaft, die Vielfalt als St\u00e4rke begreift und jede Leistung und jeden Lebensentwurf anerkennt. In der die Verwaltung den B\u00fcrgerinnen und B\u00fcrgern auf Augenh\u00f6he begegnet und dem Anspruch gerecht wird, ihr Leben einfacher zu machen.<\/p>","protected":false},"excerpt":{"rendered":"<p>Daf\u00fcr stehe ich Ich mache Politik f\u00fcr eine Gesellschaft des Respekts. Eine Gesellschaft, die Vielfalt als St\u00e4rke begreift und jede&#8230;<\/p>\n","protected":false},"author":1,"featured_media":0,"parent":0,"menu_order":0,"comment_status":"closed","ping_status":"closed","template":"template-meine-ziele.php","meta":{"_acf_changed":false,"footnotes":""},"class_list":["post-101","page","type-page","status-publish","hentry"],"acf":[],"yoast_head":"<!-- This site is optimized with the Yoast SEO plugin v27.5 - https:\/\/yoast.com\/product\/yoast-seo-wordpress\/ -->\n<title>Meine Ziele - SPD Zeuthen<\/title>\n<meta name=\"robots\" content=\"index, follow, max-snippet:-1, max-image-preview:large, max-video-preview:-1\" \/>\n<link rel=\"canonical\" href=\"https:\/\/spdcc.site\/spd-zeuthen\/meine-ziele\/\" \/>\n<meta property=\"og:locale\" content=\"de_DE\" \/>\n<meta property=\"og:type\" content=\"article\" \/>\n<meta property=\"og:title\" content=\"Meine Ziele - SPD Zeuthen\" \/>\n<meta property=\"og:description\" content=\"Daf\u00fcr stehe ich Ich mache Politik f\u00fcr eine Gesellschaft des Respekts. Eine Gesellschaft, die Vielfalt als St\u00e4rke begreift und jede...\" \/>\n<meta property=\"og:url\" content=\"https:\/\/spdcc.site\/spd-zeuthen\/meine-ziele\/\" \/>\n<meta property=\"og:site_name\" content=\"SPD Zeuthen\" \/>\n<meta property=\"article:modified_time\" content=\"2025-12-01T11:53:24+00:00\" \/>\n<meta property=\"og:image\" content=\"https:\/\/spdcc.site\/spd-zeuthen\/wp-content\/uploads\/sites\/33\/2023\/06\/LVBB_D_Header_1664x530_ueber_uns.jpg\" \/>\n\t<meta property=\"og:image:width\" content=\"1664\" \/>\n\t<meta property=\"og:image:height\" content=\"530\" \/>\n\t<meta property=\"og:image:type\" content=\"image\/jpeg\" \/>\n<meta name=\"twitter:card\" content=\"summary_large_image\" \/>\n<meta name=\"twitter:label1\" content=\"Gesch\u00e4tzte Lesezeit\" \/>\n\t<meta name=\"twitter:data1\" content=\"1\u00a0Minute\" \/>\n<script type=\"application\/ld+json\" class=\"yoast-schema-graph\">{\"@context\":\"https:\\\/\\\/schema.org\",\"@graph\":[{\"@type\":\"WebPage\",\"@id\":\"https:\\\/\\\/spdcc.site\\\/spd-zeuthen\\\/meine-ziele\\\/\",\"url\":\"https:\\\/\\\/spdcc.site\\\/spd-zeuthen\\\/meine-ziele\\\/\",\"name\":\"Meine Ziele - SPD Zeuthen\",\"isPartOf\":{\"@id\":\"https:\\\/\\\/spdcc.site\\\/spd-zeuthen\\\/#website\"},\"primaryImageOfPage\":{\"@id\":\"https:\\\/\\\/spdcc.site\\\/spd-zeuthen\\\/meine-ziele\\\/#primaryimage\"},\"image\":{\"@id\":\"https:\\\/\\\/spdcc.site\\\/spd-zeuthen\\\/meine-ziele\\\/#primaryimage\"},\"thumbnailUrl\":\"https:\\\/\\\/spdcc.site\\\/spd-zeuthen\\\/wp-content\\\/uploads\\\/sites\\\/33\\\/2023\\\/06\\\/LVBB_D_Header_1664x530_ueber_uns.jpg\",\"datePublished\":\"2022-04-27T10:04:25+00:00\",\"dateModified\":\"2025-12-01T11:53:24+00:00\",\"breadcrumb\":{\"@id\":\"https:\\\/\\\/spdcc.site\\\/spd-zeuthen\\\/meine-ziele\\\/#breadcrumb\"},\"inLanguage\":\"de\",\"potentialAction\":[{\"@type\":\"ReadAction\",\"target\":[\"https:\\\/\\\/spdcc.site\\\/spd-zeuthen\\\/meine-ziele\\\/\"]}]},{\"@type\":\"ImageObject\",\"inLanguage\":\"de\",\"@id\":\"https:\\\/\\\/spdcc.site\\\/spd-zeuthen\\\/meine-ziele\\\/#primaryimage\",\"url\":\"https:\\\/\\\/spdcc.site\\\/spd-zeuthen\\\/wp-content\\\/uploads\\\/sites\\\/33\\\/2023\\\/06\\\/LVBB_D_Header_1664x530_ueber_uns.jpg\",\"contentUrl\":\"https:\\\/\\\/spdcc.site\\\/spd-zeuthen\\\/wp-content\\\/uploads\\\/sites\\\/33\\\/2023\\\/06\\\/LVBB_D_Header_1664x530_ueber_uns.jpg\",\"width\":1664,\"height\":530},{\"@type\":\"BreadcrumbList\",\"@id\":\"https:\\\/\\\/spdcc.site\\\/spd-zeuthen\\\/meine-ziele\\\/#breadcrumb\",\"itemListElement\":[{\"@type\":\"ListItem\",\"position\":1,\"name\":\"Home\",\"item\":\"https:\\\/\\\/spdcc.site\\\/spd-zeuthen\\\/\"},{\"@type\":\"ListItem\",\"position\":2,\"name\":\"Meine Ziele\"}]},{\"@type\":\"WebSite\",\"@id\":\"https:\\\/\\\/spdcc.site\\\/spd-zeuthen\\\/#website\",\"url\":\"https:\\\/\\\/spdcc.site\\\/spd-zeuthen\\\/\",\"name\":\"SPD Zeuthen\",\"description\":\"Sozialdemokratische Partei Deutschlands\",\"potentialAction\":[{\"@type\":\"SearchAction\",\"target\":{\"@type\":\"EntryPoint\",\"urlTemplate\":\"https:\\\/\\\/spdcc.site\\\/spd-zeuthen\\\/?s={search_term_string}\"},\"query-input\":{\"@type\":\"PropertyValueSpecification\",\"valueRequired\":true,\"valueName\":\"search_term_string\"}}],\"inLanguage\":\"de\"}]}<\/script>\n<!-- \/ Yoast SEO plugin. -->","yoast_head_json":{"title":"Meine Ziele - SPD Zeuthen","robots":{"index":"index","follow":"follow","max-snippet":"max-snippet:-1","max-image-preview":"max-image-preview:large","max-video-preview":"max-video-preview:-1"},"canonical":"https:\/\/spdcc.site\/spd-zeuthen\/meine-ziele\/","og_locale":"de_DE","og_type":"article","og_title":"Meine Ziele - SPD Zeuthen","og_description":"Daf\u00fcr stehe ich Ich mache Politik f\u00fcr eine Gesellschaft des Respekts. Eine Gesellschaft, die Vielfalt als St\u00e4rke begreift und jede...","og_url":"https:\/\/spdcc.site\/spd-zeuthen\/meine-ziele\/","og_site_name":"SPD Zeuthen","article_modified_time":"2025-12-01T11:53:24+00:00","og_image":[{"width":1664,"height":530,"url":"https:\/\/spdcc.site\/spd-zeuthen\/wp-content\/uploads\/sites\/33\/2023\/06\/LVBB_D_Header_1664x530_ueber_uns.jpg","type":"image\/jpeg"}],"twitter_card":"summary_large_image","twitter_misc":{"Gesch\u00e4tzte Lesezeit":"1\u00a0Minute"},"schema":{"@context":"https:\/\/schema.org","@graph":[{"@type":"WebPage","@id":"https:\/\/spdcc.site\/spd-zeuthen\/meine-ziele\/","url":"https:\/\/spdcc.site\/spd-zeuthen\/meine-ziele\/","name":"Meine Ziele - SPD Zeuthen","isPartOf":{"@id":"https:\/\/spdcc.site\/spd-zeuthen\/#website"},"primaryImageOfPage":{"@id":"https:\/\/spdcc.site\/spd-zeuthen\/meine-ziele\/#primaryimage"},"image":{"@id":"https:\/\/spdcc.site\/spd-zeuthen\/meine-ziele\/#primaryimage"},"thumbnailUrl":"https:\/\/spdcc.site\/spd-zeuthen\/wp-content\/uploads\/sites\/33\/2023\/06\/LVBB_D_Header_1664x530_ueber_uns.jpg","datePublished":"2022-04-27T10:04:25+00:00","dateModified":"2025-12-01T11:53:24+00:00","breadcrumb":{"@id":"https:\/\/spdcc.site\/spd-zeuthen\/meine-ziele\/#breadcrumb"},"inLanguage":"de","potentialAction":[{"@type":"ReadAction","target":["https:\/\/spdcc.site\/spd-zeuthen\/meine-ziele\/"]}]},{"@type":"ImageObject","inLanguage":"de","@id":"https:\/\/spdcc.site\/spd-zeuthen\/meine-ziele\/#primaryimage","url":"https:\/\/spdcc.site\/spd-zeuthen\/wp-content\/uploads\/sites\/33\/2023\/06\/LVBB_D_Header_1664x530_ueber_uns.jpg","contentUrl":"https:\/\/spdcc.site\/spd-zeuthen\/wp-content\/uploads\/sites\/33\/2023\/06\/LVBB_D_Header_1664x530_ueber_uns.jpg","width":1664,"height":530},{"@type":"BreadcrumbList","@id":"https:\/\/spdcc.site\/spd-zeuthen\/meine-ziele\/#breadcrumb","itemListElement":[{"@type":"ListItem","position":1,"name":"Home","item":"https:\/\/spdcc.site\/spd-zeuthen\/"},{"@type":"ListItem","position":2,"name":"Meine Ziele"}]},{"@type":"WebSite","@id":"https:\/\/spdcc.site\/spd-zeuthen\/#website","url":"https:\/\/spdcc.site\/spd-zeuthen\/","name":"SPD Zeuthen","description":"Sozialdemokratische Partei Deutschlands","potentialAction":[{"@type":"SearchAction","target":{"@type":"EntryPoint","urlTemplate":"https:\/\/spdcc.site\/spd-zeuthen\/?s={search_term_string}"},"query-input":{"@type":"PropertyValueSpecification","valueRequired":true,"valueName":"search_term_string"}}],"inLanguage":"de"}]}},"_links":{"self":[{"href":"https:\/\/spdcc.site\/spd-zeuthen\/wp-json\/wp\/v2\/pages\/101","targetHints":{"allow":["GET"]}}],"collection":[{"href":"https:\/\/spdcc.site\/spd-zeuthen\/wp-json\/wp\/v2\/pages"}],"about":[{"href":"https:\/\/spdcc.site\/spd-zeuthen\/wp-json\/wp\/v2\/types\/page"}],"author":[{"embeddable":true,"href":"https:\/\/spdcc.site\/spd-zeuthen\/wp-json\/wp\/v2\/users\/1"}],"replies":[{"embeddable":true,"href":"https:\/\/spdcc.site\/spd-zeuthen\/wp-json\/wp\/v2\/comments?post=101"}],"version-history":[{"count":6,"href":"https:\/\/spdcc.site\/spd-zeuthen\/wp-json\/wp\/v2\/pages\/101\/revisions"}],"predecessor-version":[{"id":2321,"href":"https:\/\/spdcc.site\/spd-zeuthen\/wp-json\/wp\/v2\/pages\/101\/revisions\/2321"}],"wp:attachment":[{"href":"https:\/\/spdcc.site\/spd-zeuthen\/wp-json\/wp\/v2\/media?parent=101"}],"curies":[{"name":"wp","href":"https:\/\/api.w.org\/{rel}","templated":true}]}}