{"id":101,"date":"2022-04-27T12:04:25","date_gmt":"2022-04-27T10:04:25","guid":{"rendered":"http:\/\/spd.d3v\/?page_id=101"},"modified":"2026-05-06T12:20:59","modified_gmt":"2026-05-06T10:20:59","slug":"ortsvereine","status":"publish","type":"page","link":"https:\/\/spdcc.site\/spdcottbus\/ortsvereine\/","title":{"rendered":"Ortsvereine"},"content":{"rendered":"\n<div class=\"wp-block-columns is-layout-flex wp-container-core-columns-is-layout-9d6595d7 wp-block-columns-is-layout-flex\">\n<div class=\"wp-block-column is-layout-flow wp-block-column-is-layout-flow\">\n<figure class=\"wp-block-image size-full\"><img loading=\"lazy\" decoding=\"async\" width=\"1664\" height=\"530\" src=\"https:\/\/spdcc.site\/spdcottbus\/wp-content\/uploads\/sites\/24\/2023\/06\/LVBB_D_Header_1664x530_ueber_uns.jpg\" alt=\"\" class=\"wp-image-1412\" srcset=\"https:\/\/spdcc.site\/spdcottbus\/wp-content\/uploads\/sites\/24\/2023\/06\/LVBB_D_Header_1664x530_ueber_uns.jpg 1664w, https:\/\/spdcc.site\/spdcottbus\/wp-content\/uploads\/sites\/24\/2023\/06\/LVBB_D_Header_1664x530_ueber_uns-300x96.jpg 300w, https:\/\/spdcc.site\/spdcottbus\/wp-content\/uploads\/sites\/24\/2023\/06\/LVBB_D_Header_1664x530_ueber_uns-1024x326.jpg 1024w, https:\/\/spdcc.site\/spdcottbus\/wp-content\/uploads\/sites\/24\/2023\/06\/LVBB_D_Header_1664x530_ueber_uns-768x245.jpg 768w, https:\/\/spdcc.site\/spdcottbus\/wp-content\/uploads\/sites\/24\/2023\/06\/LVBB_D_Header_1664x530_ueber_uns-1536x489.jpg 1536w\" sizes=\"auto, (max-width: 1664px) 100vw, 1664px\" \/><\/figure>\n<\/div>\n<\/div>\n\n\n<p>Willkommen bei den Ortsvereinen der Stadt Cottbus<\/p>\n<p>Unser Unterbezirk besteht aus engagierter B\u00fcrgerinnen und B\u00fcrger unserer Stadt. Unser Ziel ist es, sich f\u00fcr gerechte und soziale Politik in der Region stark zu machen. Hier erhalten Sie einen \u00dcberblick \u00fcber unsere Ortsvereine und die Ansprechpartner vor Ort!<\/p>","protected":false},"excerpt":{"rendered":"<p>Willkommen bei den Ortsvereinen der Stadt Cottbus Unser Unterbezirk besteht aus engagierter B\u00fcrgerinnen und B\u00fcrger unserer Stadt. Unser Ziel ist&#8230;<\/p>\n","protected":false},"author":1,"featured_media":0,"parent":0,"menu_order":0,"comment_status":"closed","ping_status":"closed","template":"template-meine-ziele.php","meta":{"_acf_changed":false,"footnotes":""},"class_list":["post-101","page","type-page","status-publish","hentry"],"acf":[],"yoast_head":"<!-- This site is optimized with the Yoast SEO plugin v27.5 - https:\/\/yoast.com\/product\/yoast-seo-wordpress\/ -->\n<title>Ortsvereine - SPD Cottbus<\/title>\n<meta name=\"description\" content=\"SPD Ortsvereine\" \/>\n<meta name=\"robots\" content=\"index, follow, max-snippet:-1, max-image-preview:large, max-video-preview:-1\" \/>\n<link rel=\"canonical\" href=\"https:\/\/spdcc.site\/spdcottbus\/ortsvereine\/\" \/>\n<meta property=\"og:locale\" content=\"de_DE\" \/>\n<meta property=\"og:type\" content=\"article\" \/>\n<meta property=\"og:title\" content=\"Ortsvereine - SPD Cottbus\" \/>\n<meta property=\"og:description\" content=\"SPD Ortsvereine\" \/>\n<meta property=\"og:url\" content=\"https:\/\/spdcc.site\/spdcottbus\/ortsvereine\/\" \/>\n<meta property=\"og:site_name\" content=\"SPD Cottbus\" \/>\n<meta property=\"article:modified_time\" content=\"2026-05-06T10:20:59+00:00\" \/>\n<meta property=\"og:image\" content=\"https:\/\/spdcc.site\/spdcottbus\/wp-content\/uploads\/sites\/24\/2023\/06\/LVBB_D_Header_1664x530_ueber_uns.jpg\" \/>\n\t<meta property=\"og:image:width\" content=\"1664\" \/>\n\t<meta property=\"og:image:height\" content=\"530\" \/>\n\t<meta property=\"og:image:type\" content=\"image\/jpeg\" \/>\n<meta name=\"twitter:card\" content=\"summary_large_image\" \/>\n<meta name=\"twitter:label1\" content=\"Gesch\u00e4tzte Lesezeit\" \/>\n\t<meta name=\"twitter:data1\" content=\"1\u00a0Minute\" \/>\n<script type=\"application\/ld+json\" class=\"yoast-schema-graph\">{\"@context\":\"https:\\\/\\\/schema.org\",\"@graph\":[{\"@type\":\"WebPage\",\"@id\":\"https:\\\/\\\/spdcc.site\\\/spdcottbus\\\/ortsvereine\\\/\",\"url\":\"https:\\\/\\\/spdcc.site\\\/spdcottbus\\\/ortsvereine\\\/\",\"name\":\"Ortsvereine - SPD Cottbus\",\"isPartOf\":{\"@id\":\"https:\\\/\\\/spdcc.site\\\/spdcottbus\\\/#website\"},\"primaryImageOfPage\":{\"@id\":\"https:\\\/\\\/spdcc.site\\\/spdcottbus\\\/ortsvereine\\\/#primaryimage\"},\"image\":{\"@id\":\"https:\\\/\\\/spdcc.site\\\/spdcottbus\\\/ortsvereine\\\/#primaryimage\"},\"thumbnailUrl\":\"https:\\\/\\\/spdcc.site\\\/spdcottbus\\\/wp-content\\\/uploads\\\/sites\\\/24\\\/2023\\\/06\\\/LVBB_D_Header_1664x530_ueber_uns.jpg\",\"datePublished\":\"2022-04-27T10:04:25+00:00\",\"dateModified\":\"2026-05-06T10:20:59+00:00\",\"description\":\"SPD Ortsvereine\",\"breadcrumb\":{\"@id\":\"https:\\\/\\\/spdcc.site\\\/spdcottbus\\\/ortsvereine\\\/#breadcrumb\"},\"inLanguage\":\"de\",\"potentialAction\":[{\"@type\":\"ReadAction\",\"target\":[\"https:\\\/\\\/spdcc.site\\\/spdcottbus\\\/ortsvereine\\\/\"]}]},{\"@type\":\"ImageObject\",\"inLanguage\":\"de\",\"@id\":\"https:\\\/\\\/spdcc.site\\\/spdcottbus\\\/ortsvereine\\\/#primaryimage\",\"url\":\"https:\\\/\\\/spdcc.site\\\/spdcottbus\\\/wp-content\\\/uploads\\\/sites\\\/24\\\/2023\\\/06\\\/LVBB_D_Header_1664x530_ueber_uns.jpg\",\"contentUrl\":\"https:\\\/\\\/spdcc.site\\\/spdcottbus\\\/wp-content\\\/uploads\\\/sites\\\/24\\\/2023\\\/06\\\/LVBB_D_Header_1664x530_ueber_uns.jpg\",\"width\":1664,\"height\":530},{\"@type\":\"BreadcrumbList\",\"@id\":\"https:\\\/\\\/spdcc.site\\\/spdcottbus\\\/ortsvereine\\\/#breadcrumb\",\"itemListElement\":[{\"@type\":\"ListItem\",\"position\":1,\"name\":\"Home\",\"item\":\"https:\\\/\\\/spdcc.site\\\/spdcottbus\\\/\"},{\"@type\":\"ListItem\",\"position\":2,\"name\":\"Ortsvereine\"}]},{\"@type\":\"WebSite\",\"@id\":\"https:\\\/\\\/spdcc.site\\\/spdcottbus\\\/#website\",\"url\":\"https:\\\/\\\/spdcc.site\\\/spdcottbus\\\/\",\"name\":\"SPD Cottbus\",\"description\":\"Sozialdemokratische Partei Deutschlands\",\"potentialAction\":[{\"@type\":\"SearchAction\",\"target\":{\"@type\":\"EntryPoint\",\"urlTemplate\":\"https:\\\/\\\/spdcc.site\\\/spdcottbus\\\/?s={search_term_string}\"},\"query-input\":{\"@type\":\"PropertyValueSpecification\",\"valueRequired\":true,\"valueName\":\"search_term_string\"}}],\"inLanguage\":\"de\"}]}<\/script>\n<!-- \/ Yoast SEO plugin. -->","yoast_head_json":{"title":"Ortsvereine - SPD Cottbus","description":"SPD Ortsvereine","robots":{"index":"index","follow":"follow","max-snippet":"max-snippet:-1","max-image-preview":"max-image-preview:large","max-video-preview":"max-video-preview:-1"},"canonical":"https:\/\/spdcc.site\/spdcottbus\/ortsvereine\/","og_locale":"de_DE","og_type":"article","og_title":"Ortsvereine - SPD Cottbus","og_description":"SPD Ortsvereine","og_url":"https:\/\/spdcc.site\/spdcottbus\/ortsvereine\/","og_site_name":"SPD Cottbus","article_modified_time":"2026-05-06T10:20:59+00:00","og_image":[{"width":1664,"height":530,"url":"https:\/\/spdcc.site\/spdcottbus\/wp-content\/uploads\/sites\/24\/2023\/06\/LVBB_D_Header_1664x530_ueber_uns.jpg","type":"image\/jpeg"}],"twitter_card":"summary_large_image","twitter_misc":{"Gesch\u00e4tzte Lesezeit":"1\u00a0Minute"},"schema":{"@context":"https:\/\/schema.org","@graph":[{"@type":"WebPage","@id":"https:\/\/spdcc.site\/spdcottbus\/ortsvereine\/","url":"https:\/\/spdcc.site\/spdcottbus\/ortsvereine\/","name":"Ortsvereine - SPD Cottbus","isPartOf":{"@id":"https:\/\/spdcc.site\/spdcottbus\/#website"},"primaryImageOfPage":{"@id":"https:\/\/spdcc.site\/spdcottbus\/ortsvereine\/#primaryimage"},"image":{"@id":"https:\/\/spdcc.site\/spdcottbus\/ortsvereine\/#primaryimage"},"thumbnailUrl":"https:\/\/spdcc.site\/spdcottbus\/wp-content\/uploads\/sites\/24\/2023\/06\/LVBB_D_Header_1664x530_ueber_uns.jpg","datePublished":"2022-04-27T10:04:25+00:00","dateModified":"2026-05-06T10:20:59+00:00","description":"SPD Ortsvereine","breadcrumb":{"@id":"https:\/\/spdcc.site\/spdcottbus\/ortsvereine\/#breadcrumb"},"inLanguage":"de","potentialAction":[{"@type":"ReadAction","target":["https:\/\/spdcc.site\/spdcottbus\/ortsvereine\/"]}]},{"@type":"ImageObject","inLanguage":"de","@id":"https:\/\/spdcc.site\/spdcottbus\/ortsvereine\/#primaryimage","url":"https:\/\/spdcc.site\/spdcottbus\/wp-content\/uploads\/sites\/24\/2023\/06\/LVBB_D_Header_1664x530_ueber_uns.jpg","contentUrl":"https:\/\/spdcc.site\/spdcottbus\/wp-content\/uploads\/sites\/24\/2023\/06\/LVBB_D_Header_1664x530_ueber_uns.jpg","width":1664,"height":530},{"@type":"BreadcrumbList","@id":"https:\/\/spdcc.site\/spdcottbus\/ortsvereine\/#breadcrumb","itemListElement":[{"@type":"ListItem","position":1,"name":"Home","item":"https:\/\/spdcc.site\/spdcottbus\/"},{"@type":"ListItem","position":2,"name":"Ortsvereine"}]},{"@type":"WebSite","@id":"https:\/\/spdcc.site\/spdcottbus\/#website","url":"https:\/\/spdcc.site\/spdcottbus\/","name":"SPD Cottbus","description":"Sozialdemokratische Partei Deutschlands","potentialAction":[{"@type":"SearchAction","target":{"@type":"EntryPoint","urlTemplate":"https:\/\/spdcc.site\/spdcottbus\/?s={search_term_string}"},"query-input":{"@type":"PropertyValueSpecification","valueRequired":true,"valueName":"search_term_string"}}],"inLanguage":"de"}]}},"_links":{"self":[{"href":"https:\/\/spdcc.site\/spdcottbus\/wp-json\/wp\/v2\/pages\/101","targetHints":{"allow":["GET"]}}],"collection":[{"href":"https:\/\/spdcc.site\/spdcottbus\/wp-json\/wp\/v2\/pages"}],"about":[{"href":"https:\/\/spdcc.site\/spdcottbus\/wp-json\/wp\/v2\/types\/page"}],"author":[{"embeddable":true,"href":"https:\/\/spdcc.site\/spdcottbus\/wp-json\/wp\/v2\/users\/1"}],"replies":[{"embeddable":true,"href":"https:\/\/spdcc.site\/spdcottbus\/wp-json\/wp\/v2\/comments?post=101"}],"version-history":[{"count":5,"href":"https:\/\/spdcc.site\/spdcottbus\/wp-json\/wp\/v2\/pages\/101\/revisions"}],"predecessor-version":[{"id":2666,"href":"https:\/\/spdcc.site\/spdcottbus\/wp-json\/wp\/v2\/pages\/101\/revisions\/2666"}],"wp:attachment":[{"href":"https:\/\/spdcc.site\/spdcottbus\/wp-json\/wp\/v2\/media?parent=101"}],"curies":[{"name":"wp","href":"https:\/\/api.w.org\/{rel}","templated":true}]}}