{"id":1936,"date":"2024-02-06T10:24:45","date_gmt":"2024-02-06T09:24:45","guid":{"rendered":"https:\/\/spdcc.site\/spdcottbus\/?page_id=1936"},"modified":"2024-06-03T09:28:34","modified_gmt":"2024-06-03T07:28:34","slug":"spenden-pop-up","status":"publish","type":"page","link":"https:\/\/spdcc.site\/spdcottbus\/spenden-pop-up\/","title":{"rendered":"Spendentool"},"content":{"rendered":"<h1><span style=\"color: #e30a17;\">DANKE<br \/>\n<span style=\"color: #000000;\">F\u00dcREINANDER. MITEINANDER. MUSTERSTADT.<\/span><br \/>\n<\/span><\/h1>\n<p>Ihr Herz, Ihre Spende bedeuten sehr viel. Ich stehe f\u00fcr eine Politik des Zusammenhalts, f\u00fcr eine Politik des Miteinanders! Ein erfolgreicher Wahlkampf braucht solide Finanzen. Deshalb bitte ich Dich heute um eine Spende f\u00fcr unsere Kampagne. Eines kann ich Dir versprechen: Deine Spende kommt an und hilft, egal ob Du 10 Euro, 50 Euro oder 100 Euro spenden kannst.<\/p>\n","protected":false},"excerpt":{"rendered":"<p>DANKE F\u00dcREINANDER. MITEINANDER. MUSTERSTADT. Ihr Herz, Ihre Spende bedeuten sehr viel. Ich stehe f\u00fcr eine Politik des Zusammenhalts, f\u00fcr eine&#8230;<\/p>\n","protected":false},"author":1,"featured_media":0,"parent":0,"menu_order":0,"comment_status":"closed","ping_status":"closed","template":"template-spenden-pop-up.php","meta":{"_acf_changed":false,"footnotes":""},"class_list":["post-1936","page","type-page","status-publish","hentry"],"acf":[],"yoast_head":"<!-- This site is optimized with the Yoast SEO plugin v27.5 - https:\/\/yoast.com\/product\/yoast-seo-wordpress\/ -->\n<title>Spendentool - SPD Cottbus<\/title>\n<meta name=\"robots\" content=\"index, follow, max-snippet:-1, max-image-preview:large, max-video-preview:-1\" \/>\n<link rel=\"canonical\" href=\"https:\/\/spdcc.site\/spdcottbus\/spenden-pop-up\/\" \/>\n<meta property=\"og:locale\" content=\"de_DE\" \/>\n<meta property=\"og:type\" content=\"article\" \/>\n<meta property=\"og:title\" content=\"Spendentool - SPD Cottbus\" \/>\n<meta property=\"og:description\" content=\"DANKE F\u00dcREINANDER. MITEINANDER. MUSTERSTADT. Ihr Herz, Ihre Spende bedeuten sehr viel. Ich stehe f\u00fcr eine Politik des Zusammenhalts, f\u00fcr eine...\" \/>\n<meta property=\"og:url\" content=\"https:\/\/spdcc.site\/spdcottbus\/spenden-pop-up\/\" \/>\n<meta property=\"og:site_name\" content=\"SPD Cottbus\" \/>\n<meta property=\"article:modified_time\" content=\"2024-06-03T07:28:34+00:00\" \/>\n<meta name=\"twitter:card\" content=\"summary_large_image\" \/>\n<meta name=\"twitter:label1\" content=\"Gesch\u00e4tzte Lesezeit\" \/>\n\t<meta name=\"twitter:data1\" content=\"1\u00a0Minute\" \/>\n<script type=\"application\/ld+json\" class=\"yoast-schema-graph\">{\"@context\":\"https:\\\/\\\/schema.org\",\"@graph\":[{\"@type\":\"WebPage\",\"@id\":\"https:\\\/\\\/spdcc.site\\\/spdcottbus\\\/spenden-pop-up\\\/\",\"url\":\"https:\\\/\\\/spdcc.site\\\/spdcottbus\\\/spenden-pop-up\\\/\",\"name\":\"Spendentool - SPD Cottbus\",\"isPartOf\":{\"@id\":\"https:\\\/\\\/spdcc.site\\\/spdcottbus\\\/#website\"},\"datePublished\":\"2024-02-06T09:24:45+00:00\",\"dateModified\":\"2024-06-03T07:28:34+00:00\",\"breadcrumb\":{\"@id\":\"https:\\\/\\\/spdcc.site\\\/spdcottbus\\\/spenden-pop-up\\\/#breadcrumb\"},\"inLanguage\":\"de\",\"potentialAction\":[{\"@type\":\"ReadAction\",\"target\":[\"https:\\\/\\\/spdcc.site\\\/spdcottbus\\\/spenden-pop-up\\\/\"]}]},{\"@type\":\"BreadcrumbList\",\"@id\":\"https:\\\/\\\/spdcc.site\\\/spdcottbus\\\/spenden-pop-up\\\/#breadcrumb\",\"itemListElement\":[{\"@type\":\"ListItem\",\"position\":1,\"name\":\"Home\",\"item\":\"https:\\\/\\\/spdcc.site\\\/spdcottbus\\\/\"},{\"@type\":\"ListItem\",\"position\":2,\"name\":\"Spendentool\"}]},{\"@type\":\"WebSite\",\"@id\":\"https:\\\/\\\/spdcc.site\\\/spdcottbus\\\/#website\",\"url\":\"https:\\\/\\\/spdcc.site\\\/spdcottbus\\\/\",\"name\":\"SPD Cottbus\",\"description\":\"Sozialdemokratische Partei Deutschlands\",\"potentialAction\":[{\"@type\":\"SearchAction\",\"target\":{\"@type\":\"EntryPoint\",\"urlTemplate\":\"https:\\\/\\\/spdcc.site\\\/spdcottbus\\\/?s={search_term_string}\"},\"query-input\":{\"@type\":\"PropertyValueSpecification\",\"valueRequired\":true,\"valueName\":\"search_term_string\"}}],\"inLanguage\":\"de\"}]}<\/script>\n<!-- \/ Yoast SEO plugin. -->","yoast_head_json":{"title":"Spendentool - SPD Cottbus","robots":{"index":"index","follow":"follow","max-snippet":"max-snippet:-1","max-image-preview":"max-image-preview:large","max-video-preview":"max-video-preview:-1"},"canonical":"https:\/\/spdcc.site\/spdcottbus\/spenden-pop-up\/","og_locale":"de_DE","og_type":"article","og_title":"Spendentool - SPD Cottbus","og_description":"DANKE F\u00dcREINANDER. MITEINANDER. MUSTERSTADT. Ihr Herz, Ihre Spende bedeuten sehr viel. Ich stehe f\u00fcr eine Politik des Zusammenhalts, f\u00fcr eine...","og_url":"https:\/\/spdcc.site\/spdcottbus\/spenden-pop-up\/","og_site_name":"SPD Cottbus","article_modified_time":"2024-06-03T07:28:34+00:00","twitter_card":"summary_large_image","twitter_misc":{"Gesch\u00e4tzte Lesezeit":"1\u00a0Minute"},"schema":{"@context":"https:\/\/schema.org","@graph":[{"@type":"WebPage","@id":"https:\/\/spdcc.site\/spdcottbus\/spenden-pop-up\/","url":"https:\/\/spdcc.site\/spdcottbus\/spenden-pop-up\/","name":"Spendentool - SPD Cottbus","isPartOf":{"@id":"https:\/\/spdcc.site\/spdcottbus\/#website"},"datePublished":"2024-02-06T09:24:45+00:00","dateModified":"2024-06-03T07:28:34+00:00","breadcrumb":{"@id":"https:\/\/spdcc.site\/spdcottbus\/spenden-pop-up\/#breadcrumb"},"inLanguage":"de","potentialAction":[{"@type":"ReadAction","target":["https:\/\/spdcc.site\/spdcottbus\/spenden-pop-up\/"]}]},{"@type":"BreadcrumbList","@id":"https:\/\/spdcc.site\/spdcottbus\/spenden-pop-up\/#breadcrumb","itemListElement":[{"@type":"ListItem","position":1,"name":"Home","item":"https:\/\/spdcc.site\/spdcottbus\/"},{"@type":"ListItem","position":2,"name":"Spendentool"}]},{"@type":"WebSite","@id":"https:\/\/spdcc.site\/spdcottbus\/#website","url":"https:\/\/spdcc.site\/spdcottbus\/","name":"SPD Cottbus","description":"Sozialdemokratische Partei Deutschlands","potentialAction":[{"@type":"SearchAction","target":{"@type":"EntryPoint","urlTemplate":"https:\/\/spdcc.site\/spdcottbus\/?s={search_term_string}"},"query-input":{"@type":"PropertyValueSpecification","valueRequired":true,"valueName":"search_term_string"}}],"inLanguage":"de"}]}},"_links":{"self":[{"href":"https:\/\/spdcc.site\/spdcottbus\/wp-json\/wp\/v2\/pages\/1936","targetHints":{"allow":["GET"]}}],"collection":[{"href":"https:\/\/spdcc.site\/spdcottbus\/wp-json\/wp\/v2\/pages"}],"about":[{"href":"https:\/\/spdcc.site\/spdcottbus\/wp-json\/wp\/v2\/types\/page"}],"author":[{"embeddable":true,"href":"https:\/\/spdcc.site\/spdcottbus\/wp-json\/wp\/v2\/users\/1"}],"replies":[{"embeddable":true,"href":"https:\/\/spdcc.site\/spdcottbus\/wp-json\/wp\/v2\/comments?post=1936"}],"version-history":[{"count":9,"href":"https:\/\/spdcc.site\/spdcottbus\/wp-json\/wp\/v2\/pages\/1936\/revisions"}],"predecessor-version":[{"id":2272,"href":"https:\/\/spdcc.site\/spdcottbus\/wp-json\/wp\/v2\/pages\/1936\/revisions\/2272"}],"wp:attachment":[{"href":"https:\/\/spdcc.site\/spdcottbus\/wp-json\/wp\/v2\/media?parent=1936"}],"curies":[{"name":"wp","href":"https:\/\/api.w.org\/{rel}","templated":true}]}}