{"id":2055,"date":"2024-07-17T15:29:40","date_gmt":"2024-07-17T13:29:40","guid":{"rendered":"https:\/\/spdcc.site\/spdcottbus\/?page_id=2055"},"modified":"2024-12-11T13:55:48","modified_gmt":"2024-12-11T12:55:48","slug":"spenden","status":"publish","type":"page","link":"https:\/\/spdcc.site\/spdcottbus\/spenden\/","title":{"rendered":"Spenden f\u00fcr Landtagswahl"},"content":{"rendered":"<h1><span style=\"color: #e30a17;\">DANKE<br \/>\n<span style=\"color: #000000;\">ANPACKEN.DRANBLEIBEN.<\/span><\/span><span style=\"color: #e30a17;\"><span style=\"color: #000000;\"> F\u00dcR LEIPZIG.<\/span><br \/>\n<\/span><\/h1>\n<p>Um unsere Botschaft weiter zu verbreiten und mit vielen Menschen ins Gespr\u00e4ch zu kommen, brauche ich Dich. Wie kannst du mich unterst\u00fctzen? Mit einem Herz in Form von Zeit, Motivation und nat\u00fcrlich auch etwas Kleingeld, denn: Jede Spende \u2013 ob gro\u00df oder klein \u2013 hilft uns, die n\u00f6tigen Ressourcen zu sammeln, um den Wahlkampf erfolgreich zu f\u00fchren.<\/p>\n<p>Eines kann ich Dir versprechen: Deine Spende kommt an und hilft, egal ob Du 10 Euro, 50 Euro oder 100 Euro spenden kannst. Vielen Dank!<\/p>\n","protected":false},"excerpt":{"rendered":"<p>DANKE ANPACKEN.DRANBLEIBEN. F\u00dcR LEIPZIG. Um unsere Botschaft weiter zu verbreiten und mit vielen Menschen ins Gespr\u00e4ch zu kommen, brauche ich&#8230;<\/p>\n","protected":false},"author":1,"featured_media":0,"parent":0,"menu_order":0,"comment_status":"closed","ping_status":"closed","template":"template-spenden-external.php","meta":{"_acf_changed":false,"footnotes":""},"class_list":["post-2055","page","type-page","status-publish","hentry"],"acf":[],"yoast_head":"<!-- This site is optimized with the Yoast SEO plugin v27.5 - https:\/\/yoast.com\/product\/yoast-seo-wordpress\/ -->\n<title>Spenden f\u00fcr Landtagswahl - SPD Cottbus<\/title>\n<meta name=\"robots\" content=\"index, follow, max-snippet:-1, max-image-preview:large, max-video-preview:-1\" \/>\n<link rel=\"canonical\" href=\"https:\/\/spdcc.site\/spdcottbus\/spenden\/\" \/>\n<meta property=\"og:locale\" content=\"de_DE\" \/>\n<meta property=\"og:type\" content=\"article\" \/>\n<meta property=\"og:title\" content=\"Spenden f\u00fcr Landtagswahl - SPD Cottbus\" \/>\n<meta property=\"og:description\" content=\"DANKE ANPACKEN.DRANBLEIBEN. F\u00dcR LEIPZIG. Um unsere Botschaft weiter zu verbreiten und mit vielen Menschen ins Gespr\u00e4ch zu kommen, brauche ich...\" \/>\n<meta property=\"og:url\" content=\"https:\/\/spdcc.site\/spdcottbus\/spenden\/\" \/>\n<meta property=\"og:site_name\" content=\"SPD Cottbus\" \/>\n<meta property=\"article:modified_time\" content=\"2024-12-11T12:55:48+00:00\" \/>\n<meta name=\"twitter:card\" content=\"summary_large_image\" \/>\n<script type=\"application\/ld+json\" class=\"yoast-schema-graph\">{\"@context\":\"https:\\\/\\\/schema.org\",\"@graph\":[{\"@type\":\"WebPage\",\"@id\":\"https:\\\/\\\/spdcc.site\\\/spdcottbus\\\/spenden\\\/\",\"url\":\"https:\\\/\\\/spdcc.site\\\/spdcottbus\\\/spenden\\\/\",\"name\":\"Spenden f\u00fcr Landtagswahl - SPD Cottbus\",\"isPartOf\":{\"@id\":\"https:\\\/\\\/spdcc.site\\\/spdcottbus\\\/#website\"},\"datePublished\":\"2024-07-17T13:29:40+00:00\",\"dateModified\":\"2024-12-11T12:55:48+00:00\",\"breadcrumb\":{\"@id\":\"https:\\\/\\\/spdcc.site\\\/spdcottbus\\\/spenden\\\/#breadcrumb\"},\"inLanguage\":\"de\",\"potentialAction\":[{\"@type\":\"ReadAction\",\"target\":[\"https:\\\/\\\/spdcc.site\\\/spdcottbus\\\/spenden\\\/\"]}]},{\"@type\":\"BreadcrumbList\",\"@id\":\"https:\\\/\\\/spdcc.site\\\/spdcottbus\\\/spenden\\\/#breadcrumb\",\"itemListElement\":[{\"@type\":\"ListItem\",\"position\":1,\"name\":\"Home\",\"item\":\"https:\\\/\\\/spdcc.site\\\/spdcottbus\\\/\"},{\"@type\":\"ListItem\",\"position\":2,\"name\":\"Spenden f\u00fcr Landtagswahl\"}]},{\"@type\":\"WebSite\",\"@id\":\"https:\\\/\\\/spdcc.site\\\/spdcottbus\\\/#website\",\"url\":\"https:\\\/\\\/spdcc.site\\\/spdcottbus\\\/\",\"name\":\"SPD Cottbus\",\"description\":\"Sozialdemokratische Partei Deutschlands\",\"potentialAction\":[{\"@type\":\"SearchAction\",\"target\":{\"@type\":\"EntryPoint\",\"urlTemplate\":\"https:\\\/\\\/spdcc.site\\\/spdcottbus\\\/?s={search_term_string}\"},\"query-input\":{\"@type\":\"PropertyValueSpecification\",\"valueRequired\":true,\"valueName\":\"search_term_string\"}}],\"inLanguage\":\"de\"}]}<\/script>\n<!-- \/ Yoast SEO plugin. -->","yoast_head_json":{"title":"Spenden f\u00fcr Landtagswahl - SPD Cottbus","robots":{"index":"index","follow":"follow","max-snippet":"max-snippet:-1","max-image-preview":"max-image-preview:large","max-video-preview":"max-video-preview:-1"},"canonical":"https:\/\/spdcc.site\/spdcottbus\/spenden\/","og_locale":"de_DE","og_type":"article","og_title":"Spenden f\u00fcr Landtagswahl - SPD Cottbus","og_description":"DANKE ANPACKEN.DRANBLEIBEN. F\u00dcR LEIPZIG. Um unsere Botschaft weiter zu verbreiten und mit vielen Menschen ins Gespr\u00e4ch zu kommen, brauche ich...","og_url":"https:\/\/spdcc.site\/spdcottbus\/spenden\/","og_site_name":"SPD Cottbus","article_modified_time":"2024-12-11T12:55:48+00:00","twitter_card":"summary_large_image","schema":{"@context":"https:\/\/schema.org","@graph":[{"@type":"WebPage","@id":"https:\/\/spdcc.site\/spdcottbus\/spenden\/","url":"https:\/\/spdcc.site\/spdcottbus\/spenden\/","name":"Spenden f\u00fcr Landtagswahl - SPD Cottbus","isPartOf":{"@id":"https:\/\/spdcc.site\/spdcottbus\/#website"},"datePublished":"2024-07-17T13:29:40+00:00","dateModified":"2024-12-11T12:55:48+00:00","breadcrumb":{"@id":"https:\/\/spdcc.site\/spdcottbus\/spenden\/#breadcrumb"},"inLanguage":"de","potentialAction":[{"@type":"ReadAction","target":["https:\/\/spdcc.site\/spdcottbus\/spenden\/"]}]},{"@type":"BreadcrumbList","@id":"https:\/\/spdcc.site\/spdcottbus\/spenden\/#breadcrumb","itemListElement":[{"@type":"ListItem","position":1,"name":"Home","item":"https:\/\/spdcc.site\/spdcottbus\/"},{"@type":"ListItem","position":2,"name":"Spenden f\u00fcr Landtagswahl"}]},{"@type":"WebSite","@id":"https:\/\/spdcc.site\/spdcottbus\/#website","url":"https:\/\/spdcc.site\/spdcottbus\/","name":"SPD Cottbus","description":"Sozialdemokratische Partei Deutschlands","potentialAction":[{"@type":"SearchAction","target":{"@type":"EntryPoint","urlTemplate":"https:\/\/spdcc.site\/spdcottbus\/?s={search_term_string}"},"query-input":{"@type":"PropertyValueSpecification","valueRequired":true,"valueName":"search_term_string"}}],"inLanguage":"de"}]}},"_links":{"self":[{"href":"https:\/\/spdcc.site\/spdcottbus\/wp-json\/wp\/v2\/pages\/2055","targetHints":{"allow":["GET"]}}],"collection":[{"href":"https:\/\/spdcc.site\/spdcottbus\/wp-json\/wp\/v2\/pages"}],"about":[{"href":"https:\/\/spdcc.site\/spdcottbus\/wp-json\/wp\/v2\/types\/page"}],"author":[{"embeddable":true,"href":"https:\/\/spdcc.site\/spdcottbus\/wp-json\/wp\/v2\/users\/1"}],"replies":[{"embeddable":true,"href":"https:\/\/spdcc.site\/spdcottbus\/wp-json\/wp\/v2\/comments?post=2055"}],"version-history":[{"count":6,"href":"https:\/\/spdcc.site\/spdcottbus\/wp-json\/wp\/v2\/pages\/2055\/revisions"}],"predecessor-version":[{"id":2267,"href":"https:\/\/spdcc.site\/spdcottbus\/wp-json\/wp\/v2\/pages\/2055\/revisions\/2267"}],"wp:attachment":[{"href":"https:\/\/spdcc.site\/spdcottbus\/wp-json\/wp\/v2\/media?parent=2055"}],"curies":[{"name":"wp","href":"https:\/\/api.w.org\/{rel}","templated":true}]}}